{"id":14,"date":"2016-10-11T17:49:12","date_gmt":"2016-10-11T17:49:12","guid":{"rendered":"http:\/\/bi-boelgental.de\/?page_id=14"},"modified":"2017-10-31T14:05:37","modified_gmt":"2017-10-31T13:05:37","slug":"wer-wir-sind","status":"publish","type":"page","link":"https:\/\/bi-boelgental.de\/?page_id=14","title":{"rendered":"Die B\u00fcrgerinitiative"},"content":{"rendered":"<div id=\"pl-14\"  class=\"panel-layout\" ><div id=\"pg-14-0\"  class=\"panel-grid panel-no-style\" ><div id=\"pgc-14-0-0\"  class=\"panel-grid-cell\" ><div id=\"panel-14-0-0-0\" class=\"so-panel widget widget_sow-image panel-first-child\" data-index=\"0\" ><div\n\t\t\t\n\t\t\tclass=\"so-widget-sow-image so-widget-sow-image-default-8b5b6f678277-14\"\n\t\t\t\n\t\t>\n<div class=\"sow-image-container\">\n\t\t<img \n\tsrc=\"https:\/\/bi-boelgental.de\/wp-content\/uploads\/2016\/11\/Wehr_Gaism\u00fchle_Demo_02_web.jpg\" width=\"3072\" height=\"2048\" srcset=\"https:\/\/bi-boelgental.de\/wp-content\/uploads\/2016\/11\/Wehr_Gaism\u00fchle_Demo_02_web.jpg 3072w, https:\/\/bi-boelgental.de\/wp-content\/uploads\/2016\/11\/Wehr_Gaism\u00fchle_Demo_02_web-300x200.jpg 300w, https:\/\/bi-boelgental.de\/wp-content\/uploads\/2016\/11\/Wehr_Gaism\u00fchle_Demo_02_web-768x512.jpg 768w, https:\/\/bi-boelgental.de\/wp-content\/uploads\/2016\/11\/Wehr_Gaism\u00fchle_Demo_02_web-1024x683.jpg 1024w\" sizes=\"(max-width: 3072px) 100vw, 3072px\" title=\"wehr_gaismuehle_demo_02_web\" alt=\"\" \t\tclass=\"so-widget-image\"\/>\n\t<\/div>\n\n<\/div><\/div><div id=\"panel-14-0-0-1\" class=\"so-panel widget widget_sow-editor panel-last-child\" data-index=\"1\" ><div\n\t\t\t\n\t\t\tclass=\"so-widget-sow-editor so-widget-sow-editor-base\"\n\t\t\t\n\t\t>\n<div class=\"siteorigin-widget-tinymce textwidget\">\n\t<p>WIR\u00a0 sind ein im Juli 2016\u00a0 gegr\u00fcndeter gemeinn\u00fctziger Verein mit Sitz in B\u00f6lgental. Der Verein ist selbstlos t\u00e4tig und verfolgt keine eigenwirtschaftlichen Zwecke.<\/p>\n<p>Unterst\u00fctzen Sie uns mit Ihrer Mitgliedschaft, Unterschrift oder Spende zur Erhaltung unserer einzigartigen Natur!<br \/> F\u00fcr uns und zuk\u00fcnftige Generationen!<\/p>\n<p>B\u00fcrgerinitiative \u201eSteinbruch B\u00f6lgental \u2013 Nein Danke!\u201c e. V.<br \/> B\u00f6lgental 10\/1, 74589 Satteldorf<br \/> Tel: 0157-70334213, Tel.: 0170- 3208999<br \/> e-mail: info@bi-boelgental.de<br \/> www.bi-boelgental.de<br \/>https:\/\/www.facebook.com\/SteinbruchBoelgental<\/p>\n<p>Sparkasse Schw\u00e4bisch Hall<br \/> BIC: SOLADES1SHA<br \/> IBAN: DE35 6225 0030 0002 1445 48<\/p>\n<\/div>\n<\/div><\/div><\/div><\/div><\/div>","protected":false},"excerpt":{"rendered":"<p>WIR\u00a0 sind ein im Juli 2016\u00a0 gegr\u00fcndeter gemeinn\u00fctziger Verein mit Sitz in B\u00f6lgental. Der Verein ist selbstlos t\u00e4tig und verfolgt keine eigenwirtschaftlichen Zwecke. Unterst\u00fctzen Sie uns mit Ihrer Mitgliedschaft, Unterschrift oder Spende zur Erhaltung unserer einzigartigen Natur! F\u00fcr uns und&#8230; <a class=\"more-link\" href=\"https:\/\/bi-boelgental.de\/?page_id=14\">Weiterlesen &rarr;<\/a><\/p>\n","protected":false},"author":1,"featured_media":0,"parent":0,"menu_order":0,"comment_status":"closed","ping_status":"closed","template":"","meta":{"footnotes":""},"class_list":["post-14","page","type-page","status-publish","hentry"],"_links":{"self":[{"href":"https:\/\/bi-boelgental.de\/index.php?rest_route=\/wp\/v2\/pages\/14","targetHints":{"allow":["GET"]}}],"collection":[{"href":"https:\/\/bi-boelgental.de\/index.php?rest_route=\/wp\/v2\/pages"}],"about":[{"href":"https:\/\/bi-boelgental.de\/index.php?rest_route=\/wp\/v2\/types\/page"}],"author":[{"embeddable":true,"href":"https:\/\/bi-boelgental.de\/index.php?rest_route=\/wp\/v2\/users\/1"}],"replies":[{"embeddable":true,"href":"https:\/\/bi-boelgental.de\/index.php?rest_route=%2Fwp%2Fv2%2Fcomments&post=14"}],"version-history":[{"count":17,"href":"https:\/\/bi-boelgental.de\/index.php?rest_route=\/wp\/v2\/pages\/14\/revisions"}],"predecessor-version":[{"id":928,"href":"https:\/\/bi-boelgental.de\/index.php?rest_route=\/wp\/v2\/pages\/14\/revisions\/928"}],"wp:attachment":[{"href":"https:\/\/bi-boelgental.de\/index.php?rest_route=%2Fwp%2Fv2%2Fmedia&parent=14"}],"curies":[{"name":"wp","href":"https:\/\/api.w.org\/{rel}","templated":true}]}}