{"id":141,"date":"2017-01-14T18:51:32","date_gmt":"2017-01-14T17:51:32","guid":{"rendered":"http:\/\/bi-boelgental.de\/?page_id=141"},"modified":"2017-10-31T14:06:58","modified_gmt":"2017-10-31T13:06:58","slug":"sommerwanderung-2","status":"publish","type":"page","link":"https:\/\/bi-boelgental.de\/?page_id=141","title":{"rendered":"Sommerwanderung"},"content":{"rendered":"<div id=\"pl-141\"  class=\"panel-layout\" ><div id=\"pg-141-0\"  class=\"panel-grid panel-no-style\" ><div id=\"pgc-141-0-0\"  class=\"panel-grid-cell\" ><div id=\"panel-141-0-0-0\" class=\"so-panel widget widget_sow-editor panel-first-child panel-last-child\" data-index=\"0\" ><div\n\t\t\t\n\t\t\tclass=\"so-widget-sow-editor so-widget-sow-editor-base\"\n\t\t\t\n\t\t>\n<div class=\"siteorigin-widget-tinymce textwidget\">\n\t<p>Die Wanderung f\u00fchrt von B\u00f6lgental \u00fcber die ehemalige Heizenm\u00fchle zur Hammerschmiede und zur\u00fcck nach B\u00f6lgental.<\/p>\n<\/div>\n<\/div><\/div><\/div><\/div><div id=\"pg-141-1\"  class=\"panel-grid panel-no-style\" ><div id=\"pgc-141-1-0\"  class=\"panel-grid-cell\" ><div id=\"panel-141-1-0-0\" class=\"so-panel widget widget_sow-image panel-first-child\" data-index=\"1\" ><div\n\t\t\t\n\t\t\tclass=\"so-widget-sow-image so-widget-sow-image-default-8b5b6f678277-141\"\n\t\t\t\n\t\t>\n<div class=\"sow-image-container\">\n\t\t<img \n\tsrc=\"https:\/\/bi-boelgental.de\/wp-content\/uploads\/2017\/01\/Sommerwanderung_01.jpg\" width=\"3072\" height=\"2048\" srcset=\"https:\/\/bi-boelgental.de\/wp-content\/uploads\/2017\/01\/Sommerwanderung_01.jpg 3072w, https:\/\/bi-boelgental.de\/wp-content\/uploads\/2017\/01\/Sommerwanderung_01-300x200.jpg 300w, https:\/\/bi-boelgental.de\/wp-content\/uploads\/2017\/01\/Sommerwanderung_01-768x512.jpg 768w, https:\/\/bi-boelgental.de\/wp-content\/uploads\/2017\/01\/Sommerwanderung_01-1024x683.jpg 1024w, https:\/\/bi-boelgental.de\/wp-content\/uploads\/2017\/01\/Sommerwanderung_01-945x630.jpg 945w, https:\/\/bi-boelgental.de\/wp-content\/uploads\/2017\/01\/Sommerwanderung_01-600x400.jpg 600w, https:\/\/bi-boelgental.de\/wp-content\/uploads\/2017\/01\/Sommerwanderung_01-272x182.jpg 272w\" sizes=\"(max-width: 3072px) 100vw, 3072px\" title=\"Blick Richtung Osten\" alt=\"\" \t\tclass=\"so-widget-image\"\/>\n\t<\/div>\n\n<\/div><\/div><div id=\"panel-141-1-0-1\" class=\"so-panel widget widget_sow-editor panel-last-child\" data-index=\"2\" ><div\n\t\t\t\n\t\t\tclass=\"so-widget-sow-editor so-widget-sow-editor-base\"\n\t\t\t\n\t\t>\n<div class=\"siteorigin-widget-tinymce textwidget\">\n\t<p>Der Blick richtet sich Richtung Osten auf die \u00fcppigen Ackerfl\u00e4chen, die Teil des potentiellen Steinbruchareals werden k\u00f6nnten.<\/p>\n<\/div>\n<\/div><\/div><\/div><\/div><div id=\"pg-141-2\"  class=\"panel-grid panel-no-style\" ><div id=\"pgc-141-2-0\"  class=\"panel-grid-cell\" ><div id=\"panel-141-2-0-0\" class=\"so-panel widget widget_sow-image panel-first-child\" data-index=\"3\" ><div\n\t\t\t\n\t\t\tclass=\"so-widget-sow-image so-widget-sow-image-default-8b5b6f678277-141\"\n\t\t\t\n\t\t>\n<div class=\"sow-image-container\">\n\t\t<img \n\tsrc=\"https:\/\/bi-boelgental.de\/wp-content\/uploads\/2017\/01\/Sommerwanderung_06.jpg\" width=\"3072\" height=\"2048\" srcset=\"https:\/\/bi-boelgental.de\/wp-content\/uploads\/2017\/01\/Sommerwanderung_06.jpg 3072w, https:\/\/bi-boelgental.de\/wp-content\/uploads\/2017\/01\/Sommerwanderung_06-300x200.jpg 300w, https:\/\/bi-boelgental.de\/wp-content\/uploads\/2017\/01\/Sommerwanderung_06-768x512.jpg 768w, https:\/\/bi-boelgental.de\/wp-content\/uploads\/2017\/01\/Sommerwanderung_06-1024x683.jpg 1024w, https:\/\/bi-boelgental.de\/wp-content\/uploads\/2017\/01\/Sommerwanderung_06-945x630.jpg 945w, https:\/\/bi-boelgental.de\/wp-content\/uploads\/2017\/01\/Sommerwanderung_06-600x400.jpg 600w, https:\/\/bi-boelgental.de\/wp-content\/uploads\/2017\/01\/Sommerwanderung_06-272x182.jpg 272w\" sizes=\"(max-width: 3072px) 100vw, 3072px\" title=\"Jagst\" alt=\"\" \t\tclass=\"so-widget-image\"\/>\n\t<\/div>\n\n<\/div><\/div><div id=\"panel-141-2-0-1\" class=\"so-panel widget widget_sow-editor panel-last-child\" data-index=\"4\" ><div\n\t\t\t\n\t\t\tclass=\"so-widget-sow-editor so-widget-sow-editor-base\"\n\t\t\t\n\t\t>\n<div class=\"siteorigin-widget-tinymce textwidget\">\n\t<p>Die Jagst<\/p>\n<p>Gro\u00dfe Teile des Jagsttals, mit Seitent\u00e4lern, stehen unter Naturschutz! Dieses Schutzgebiet schlie\u00dft auch die Uferh\u00e4nge und Auen mit ein. Dieser Sommertag vermittelt Ruhe und Erholung. Kein Zivilisationsl\u00e4rm st\u00f6rt den Wanderer.<\/p>\n<p>Verschiedentlich wird auch vom sch\u00f6nsten Tal der Welt gesprochen, so zum Beispiel hier: <a href=\"https:\/\/www.google.de\/url?sa=t&amp;rct=j&amp;q=&amp;esrc=s&amp;source=web&amp;cd=15&amp;cad=rja&amp;uact=8&amp;ved=0ahUKEwiTpuWUh8LRAhUF0xQKHZp-Dmo4ChAWCDcwBA&amp;url=http%3A%2F%2Fwww.kocher-jagst-trail.de%2Fpdf%2Fjasteig-tour5.pdf&amp;usg=AFQjCNF4cVUw2uNJVKe2RnuVTIZ1xn7W-g\" target=\"_blank\">Sch\u00f6nstes Tal der Welt (http:\/\/www.kocher-jagst-trail.de\/pdf\/jasteig-tour5.pdf)<\/a><\/p>\n<\/div>\n<\/div><\/div><\/div><\/div><div id=\"pg-141-3\"  class=\"panel-grid panel-no-style\" ><div id=\"pgc-141-3-0\"  class=\"panel-grid-cell\" ><div id=\"panel-141-3-0-0\" class=\"so-panel widget widget_sow-image panel-first-child\" data-index=\"5\" ><div\n\t\t\t\n\t\t\tclass=\"so-widget-sow-image so-widget-sow-image-default-8b5b6f678277-141\"\n\t\t\t\n\t\t>\n<div class=\"sow-image-container\">\n\t\t<img \n\tsrc=\"https:\/\/bi-boelgental.de\/wp-content\/uploads\/2017\/01\/Sommerwanderung_14.jpg\" width=\"3072\" height=\"2048\" srcset=\"https:\/\/bi-boelgental.de\/wp-content\/uploads\/2017\/01\/Sommerwanderung_14.jpg 3072w, https:\/\/bi-boelgental.de\/wp-content\/uploads\/2017\/01\/Sommerwanderung_14-300x200.jpg 300w, https:\/\/bi-boelgental.de\/wp-content\/uploads\/2017\/01\/Sommerwanderung_14-768x512.jpg 768w, https:\/\/bi-boelgental.de\/wp-content\/uploads\/2017\/01\/Sommerwanderung_14-1024x683.jpg 1024w, https:\/\/bi-boelgental.de\/wp-content\/uploads\/2017\/01\/Sommerwanderung_14-945x630.jpg 945w, https:\/\/bi-boelgental.de\/wp-content\/uploads\/2017\/01\/Sommerwanderung_14-600x400.jpg 600w, https:\/\/bi-boelgental.de\/wp-content\/uploads\/2017\/01\/Sommerwanderung_14-272x182.jpg 272w\" sizes=\"(max-width: 3072px) 100vw, 3072px\" title=\"Steg Heinzenm\u00fchle\" alt=\"\" \t\tclass=\"so-widget-image\"\/>\n\t<\/div>\n\n<\/div><\/div><div id=\"panel-141-3-0-1\" class=\"so-panel widget widget_sow-editor panel-last-child\" data-index=\"6\" ><div\n\t\t\t\n\t\t\tclass=\"so-widget-sow-editor so-widget-sow-editor-base\"\n\t\t\t\n\t\t>\n<div class=\"siteorigin-widget-tinymce textwidget\">\n\t<p>Der Archensteg \u00fcber die Jagst, bei der ehemaligen Heinzenm\u00fchle.<\/p>\n<p><a href=\"http:\/\/www.satteldorf.de\/home\/gemeinde\/sehenswuerdigkeiten\/\" target=\"_blank\">Weiter Informatonen zum Heinzenm\u00fchlensteg finden Sie hier (http:\/\/www.satteldorf.de\/home\/gemeinde\/sehenswuerdigkeiten\/)<\/a><\/p>\n<\/div>\n<\/div><\/div><\/div><\/div><div id=\"pg-141-4\"  class=\"panel-grid panel-no-style\" ><div id=\"pgc-141-4-0\"  class=\"panel-grid-cell\" ><div id=\"panel-141-4-0-0\" class=\"so-panel widget widget_sow-image panel-first-child\" data-index=\"7\" ><div\n\t\t\t\n\t\t\tclass=\"so-widget-sow-image so-widget-sow-image-default-8b5b6f678277-141\"\n\t\t\t\n\t\t>\n<div class=\"sow-image-container\">\n\t\t<img \n\tsrc=\"https:\/\/bi-boelgental.de\/wp-content\/uploads\/2017\/01\/Sommerwanderung_25.jpg\" width=\"3072\" height=\"2048\" srcset=\"https:\/\/bi-boelgental.de\/wp-content\/uploads\/2017\/01\/Sommerwanderung_25.jpg 3072w, https:\/\/bi-boelgental.de\/wp-content\/uploads\/2017\/01\/Sommerwanderung_25-300x200.jpg 300w, https:\/\/bi-boelgental.de\/wp-content\/uploads\/2017\/01\/Sommerwanderung_25-768x512.jpg 768w, https:\/\/bi-boelgental.de\/wp-content\/uploads\/2017\/01\/Sommerwanderung_25-1024x683.jpg 1024w, https:\/\/bi-boelgental.de\/wp-content\/uploads\/2017\/01\/Sommerwanderung_25-945x630.jpg 945w, https:\/\/bi-boelgental.de\/wp-content\/uploads\/2017\/01\/Sommerwanderung_25-600x400.jpg 600w, https:\/\/bi-boelgental.de\/wp-content\/uploads\/2017\/01\/Sommerwanderung_25-272x182.jpg 272w\" sizes=\"(max-width: 3072px) 100vw, 3072px\" title=\"Steg \u00fcber die Gronach an der Jagstm\u00fcndung\" alt=\"\" \t\tclass=\"so-widget-image\"\/>\n\t<\/div>\n\n<\/div><\/div><div id=\"panel-141-4-0-1\" class=\"so-panel widget widget_sow-editor panel-last-child\" data-index=\"8\" ><div\n\t\t\t\n\t\t\tclass=\"so-widget-sow-editor so-widget-sow-editor-base\"\n\t\t\t\n\t\t>\n<div class=\"siteorigin-widget-tinymce textwidget\">\n\t<p>Direkt an der M\u00fcndung in die Jagst f\u00fchrt der Steg \u00fcber die Gronach.<\/p>\n<p>&nbsp;<\/p>\n<\/div>\n<\/div><\/div><\/div><\/div><div id=\"pg-141-5\"  class=\"panel-grid panel-no-style\" ><div id=\"pgc-141-5-0\"  class=\"panel-grid-cell\" ><div id=\"panel-141-5-0-0\" class=\"so-panel widget widget_sow-image panel-first-child\" data-index=\"9\" ><div\n\t\t\t\n\t\t\tclass=\"so-widget-sow-image so-widget-sow-image-default-8b5b6f678277-141\"\n\t\t\t\n\t\t>\n<div class=\"sow-image-container\">\n\t\t<img \n\tsrc=\"https:\/\/bi-boelgental.de\/wp-content\/uploads\/2016\/11\/20111002_Ballonfahrt_Hammerschmiede_Satteldorf-Gr\u00f6ningen_001_web.jpg\" width=\"1617\" height=\"1080\" srcset=\"https:\/\/bi-boelgental.de\/wp-content\/uploads\/2016\/11\/20111002_Ballonfahrt_Hammerschmiede_Satteldorf-Gr\u00f6ningen_001_web.jpg 1617w, https:\/\/bi-boelgental.de\/wp-content\/uploads\/2016\/11\/20111002_Ballonfahrt_Hammerschmiede_Satteldorf-Gr\u00f6ningen_001_web-300x200.jpg 300w, https:\/\/bi-boelgental.de\/wp-content\/uploads\/2016\/11\/20111002_Ballonfahrt_Hammerschmiede_Satteldorf-Gr\u00f6ningen_001_web-768x513.jpg 768w, https:\/\/bi-boelgental.de\/wp-content\/uploads\/2016\/11\/20111002_Ballonfahrt_Hammerschmiede_Satteldorf-Gr\u00f6ningen_001_web-1024x684.jpg 1024w\" sizes=\"(max-width: 1617px) 100vw, 1617px\" title=\"Hammerschmiede Luftbild Bildquelle: Gerhard Waldmann 02.10.2011\" alt=\"\" \t\tclass=\"so-widget-image\"\/>\n\t<\/div>\n\n<\/div><\/div><div id=\"panel-141-5-0-1\" class=\"so-panel widget widget_sow-editor panel-last-child\" data-index=\"10\" ><div\n\t\t\t\n\t\t\tclass=\"so-widget-sow-editor so-widget-sow-editor-base\"\n\t\t\t\n\t\t>\n<div class=\"siteorigin-widget-tinymce textwidget\">\n\t<p>Blick aus der Vogelperspektive auf die historische Hammerschmiede.<\/p>\n<p>Im landschaftlich reizvollen Gronachtal trifft der Wanderer auf die Hammerschmiede. Erbaut ab 1804, war die Schmiede mit ihrem Hammerwerk bis ins Jahr 1948 in Betrieb. Nach gr\u00fcndlicher Restaurierung ist die Hammerschmiede seit 1982 der \u00d6ffentlichkeit als technisches Kulturdenkmal zug\u00e4nglich gemacht worden. Zwischenzeitlich wurde zus\u00e4tzlich eine \u00d6lm\u00fchle errichtet. Diese kann mit Hilfe einer Dampfmaschine, von der Wasserkraft unabh\u00e4ngig, betrieben werden.<\/p>\n<p><a href=\"http:\/\/www.satteldorf.de\/home\/gemeinde\/sehenswuerdigkeiten\/\" target=\"_blank\">Weitere Informationen zur Hammerschmiede finden Sie hier (http:\/\/www.satteldorf.de\/home\/gemeinde\/sehenswuerdigkeiten\/)<\/a><\/p>\n<\/div>\n<\/div><\/div><\/div><\/div><div id=\"pg-141-6\"  class=\"panel-grid panel-no-style\" ><div id=\"pgc-141-6-0\"  class=\"panel-grid-cell\" ><div id=\"panel-141-6-0-0\" class=\"so-panel widget widget_sow-editor panel-first-child panel-last-child\" data-index=\"11\" ><div\n\t\t\t\n\t\t\tclass=\"so-widget-sow-editor so-widget-sow-editor-base\"\n\t\t\t\n\t\t>\n<div class=\"siteorigin-widget-tinymce textwidget\">\n\t<p>Alle Bilder der Wanderung sind hier zu finden: <a href=\"http:\/\/bi-boelgental.de\/?page_id=245\" target=\"_blank\">Sommerwanderung<\/a><\/p>\n<\/div>\n<\/div><\/div><\/div><\/div><\/div>","protected":false},"excerpt":{"rendered":"<p>Die Wanderung f\u00fchrt von B\u00f6lgental \u00fcber die ehemalige Heizenm\u00fchle zur Hammerschmiede und zur\u00fcck nach B\u00f6lgental. Der Blick richtet sich Richtung Osten auf die \u00fcppigen Ackerfl\u00e4chen, die Teil des potentiellen Steinbruchareals werden k\u00f6nnten.<\/p>\n","protected":false},"author":1,"featured_media":0,"parent":0,"menu_order":0,"comment_status":"closed","ping_status":"closed","template":"","meta":{"footnotes":""},"class_list":["post-141","page","type-page","status-publish","hentry"],"_links":{"self":[{"href":"https:\/\/bi-boelgental.de\/index.php?rest_route=\/wp\/v2\/pages\/141","targetHints":{"allow":["GET"]}}],"collection":[{"href":"https:\/\/bi-boelgental.de\/index.php?rest_route=\/wp\/v2\/pages"}],"about":[{"href":"https:\/\/bi-boelgental.de\/index.php?rest_route=\/wp\/v2\/types\/page"}],"author":[{"embeddable":true,"href":"https:\/\/bi-boelgental.de\/index.php?rest_route=\/wp\/v2\/users\/1"}],"replies":[{"embeddable":true,"href":"https:\/\/bi-boelgental.de\/index.php?rest_route=%2Fwp%2Fv2%2Fcomments&post=141"}],"version-history":[{"count":23,"href":"https:\/\/bi-boelgental.de\/index.php?rest_route=\/wp\/v2\/pages\/141\/revisions"}],"predecessor-version":[{"id":934,"href":"https:\/\/bi-boelgental.de\/index.php?rest_route=\/wp\/v2\/pages\/141\/revisions\/934"}],"wp:attachment":[{"href":"https:\/\/bi-boelgental.de\/index.php?rest_route=%2Fwp%2Fv2%2Fmedia&parent=141"}],"curies":[{"name":"wp","href":"https:\/\/api.w.org\/{rel}","templated":true}]}}