{"id":1947,"date":"2018-07-22T13:20:30","date_gmt":"2018-07-22T11:20:30","guid":{"rendered":"http:\/\/bi-boelgental.de\/?page_id=1947"},"modified":"2021-01-02T17:16:30","modified_gmt":"2021-01-02T16:16:30","slug":"datenschutz","status":"publish","type":"page","link":"https:\/\/bi-boelgental.de\/?page_id=1947","title":{"rendered":"Datenschutz"},"content":{"rendered":"<div id=\"pl-1947\"  class=\"panel-layout\" ><div id=\"pg-1947-0\"  class=\"panel-grid panel-no-style\" ><div id=\"pgc-1947-0-0\"  class=\"panel-grid-cell\" ><div id=\"panel-1947-0-0-0\" class=\"so-panel widget widget_sow-editor panel-first-child panel-last-child\" data-index=\"0\" ><div\n\t\t\t\n\t\t\tclass=\"so-widget-sow-editor so-widget-sow-editor-base\"\n\t\t\t\n\t\t>\n<div class=\"siteorigin-widget-tinymce textwidget\">\n\t<h1 class=\"western\">Datenschutzerkl\u00e4rung<\/h1>\n<h2 class=\"western\">Datenschutz<\/h2>\n<p>Wir die B\u00fcrgerinitiative \u201eSteinbruch B\u00f6lgental \u2013 Nein Danke!\u201ce.V. nehmen den Schutz Ihrer pers\u00f6nlichen Daten sehr ernst. Wir behandeln Ihre personenbezogenen Daten vertraulich und entsprechend der gesetzlichen Datenschutzvorschriften sowie dieser Datenschutzerkl\u00e4rung.<\/p>\n<p>Die Nutzung unserer Website ist in der Regel ohne Angabe personenbezogener Daten m\u00f6glich. Soweit auf unseren Seiten personenbezogene Daten (beispielsweise Name, Anschrift oder E-Mail-Adressen) erhoben werden, erfolgt dies, soweit m\u00f6glich, stets auf freiwilliger Basis. Diese Daten werden ohne Ihre ausdr\u00fcckliche Zustimmung nicht an Dritte weitergegeben.<\/p>\n<p>Wir weisen darauf hin, dass die Daten\u00fcbertragung im Internet (z.B. bei der Kommunikation per E-Mail) Sicherheitsl\u00fccken aufweisen kann. Ein l\u00fcckenloser Schutz der Daten vor dem Zugriff durch Dritte ist nicht m\u00f6glich.<\/p>\n<h2 class=\"western\">Cookies<\/h2>\n<p>Diese Websites verwenden <u><b>keine<\/b><\/u> so genannten Cookies. Cookies richten auf Ihrem Endger\u00e4t keinen Schaden an und enthalten keine Viren. Cookies dienen dazu, ein Angebot nutzerfreundlicher, effektiver und sicherer zu machen. Cookies sind kleine Textdateien, die auf Ihrem Endger\u00e4t abgelegt werden und die Ihr Browser speichert.<\/p>\n<p>Die meisten verwendeten Cookies sind so genannte \u201eSession-Cookies\u201c. Sie werden nach Ende Ihres Besuchs automatisch gel\u00f6scht. Andere Cookies bleiben auf Ihrem Endger\u00e4t gespeichert, bis Sie diese l\u00f6schen. Diese Cookies erm\u00f6glichen es Websites, Ihren Browser beim n\u00e4chsten Besuch wiederzuerkennen.<\/p>\n<p>Sie k\u00f6nnen Ihren Browser so einstellen, dass Sie \u00fcber das Setzen von Cookies informiert werden und Cookies nur im Einzelfall erlauben, die Annahme von Cookies f\u00fcr bestimmte F\u00e4lle oder generell ausschlie\u00dfen, sowie das automatische L\u00f6schen der Cookies beim Schlie\u00dfen des Browser aktivieren. Bei der Deaktivierung von Cookies kann die Funktionalit\u00e4t von Websites eingeschr\u00e4nkt sein.<\/p>\n<h2 class=\"western\">Server-Log Files<\/h2>\n<p>Der Provider dieser Websites erhebt und speichert automatisch Informationen in so genannten Server-Log Files, die Ihr Browser automatisch an uns \u00fcbermittelt. Dies sind:<\/p>\n<ul>\n<li>Browsertyp und Browserversion<\/li>\n<li>verwendetes Betriebssystem<\/li>\n<li>Referrer URL<\/li>\n<li>Hostname des zugreifenden Rechners<\/li>\n<li>Uhrzeit der Serveranfrage<\/li>\n<\/ul>\n<p>Diese Daten sind nicht bestimmten Personen zuordenbar. Eine Zusammenf\u00fchrung dieser Daten mit anderen Datenquellen wird nicht vorgenommen. Wir behalten uns vor, diese Daten nachtr\u00e4glich zu pr\u00fcfen, wenn uns konkrete Anhaltspunkte f\u00fcr eine rechtswidrige Nutzung bekannt werden.<\/p>\n<h2 class=\"western\">Kontaktformular<\/h2>\n<p>Wenn Sie uns per Kontaktformular Anfragen zukommen lassen, werden Ihre Angaben aus dem Anfrageformular inklusive der von Ihnen dort angegebenen Kontaktdaten zwecks Bearbeitung der Anfrage und f\u00fcr den Fall von Anschlussfragen bei uns gespeichert. Diese Daten geben wir nicht ohne Ihre Einwilligung an Dritte weiter.<\/p>\n<h2 class=\"western\">Webanalysedienste<\/h2>\n<p>Diese Website nutzt derzeit keine Webanalysedienste.<\/p>\n<h2 class=\"western\">Facebook-Plugins<\/h2>\n<p>Auf unseren Websites k\u00f6nnen Plugins des sozialen Netzwerks Facebook, Anbieter Facebook Inc., 1 Hacker Way, Menlo Park, California 94025, USA, integriert werden. Die Facebook-Plugins erkennen Sie an dem Facebook-Logo oder dem \"Like-Button\" auf unseren Websites. Eine \u00dcbersicht \u00fcber die Facebook-Plugins finden Sie hier: <a href=\"https:\/\/developers.facebook.com\/docs\/plugins\/\" target=\"_blank\" rel=\"noopener\">https:\/\/developers.facebook.com\/docs\/plugins\/<\/a>.<\/p>\n<p>Wenn Sie unsere Websites besuchen, wird \u00fcber das Plugin eine direkte Verbindung zwischen Ihrem Browser und dem Facebook-Server hergestellt. Facebook erh\u00e4lt dadurch die Information, dass Sie mit Ihrer IP-Adresse unsere Websites besucht haben. Wenn Sie den Facebook \"Like-Button\" anklicken w\u00e4hrend Sie in Ihrem Facebook-Account eingeloggt sind, k\u00f6nnen Sie die Inhalte unserer Websites auf Ihrem Facebook-Profil verlinken. Dadurch kann Facebook den Besuch unserer Websites Ihrem Benutzerkonto zuordnen. Wir weisen darauf hin, dass wir als Anbieter der Websites keine Kenntnis vom Inhalt der \u00fcbermittelten Daten sowie deren Nutzung durch Facebook erhalten. Weitere Informationen hierzu finden Sie in der Datenschutzerkl\u00e4rung von Facebook unter <a href=\"https:\/\/dede.facebook.com\/policy.php\" target=\"_blank\" rel=\"noopener\">https:\/\/de-de.facebook.com\/policy.php<\/a>.<\/p>\n<p>Wenn Sie nicht w\u00fcnschen, dass Facebook den Besuch unserer Websites Ihrem Facebook-Nutzerkonto zuordnen kann, loggen Sie sich bitte aus Ihrem Facebook-Benutzerkonto aus.<\/p>\n<h2 class=\"western\">Instagram<\/h2>\n<p>Auf unseren Websites k\u00f6nnen Funktionen des Dienstes Instagram eingebunden werden. Diese Funktionen werden angeboten durch die Instagram Inc., 1601 Willow Road, Menlo Park, CA, 94025, USA integriert. Wenn Sie in Ihrem Instagram-Account eingeloggt sind k\u00f6nnen Sie durch Anklicken des Instagram-Buttons die Inhalte unserer Websites mit Ihrem Instagram-Profil verlinken. Dadurch kann Instagram den Besuch unserer Websites Ihrem Benutzerkonto zuordnen. Wir weisen darauf hin, dass wir als Anbieter der Websites keine Kenntnis vom Inhalt der \u00fcbermittelten Daten sowie deren Nutzung durch Instagram erhalten.<\/p>\n<p>Weitere Informationen hierzu finden Sie in der Datenschutzerkl\u00e4rung von Instagram: <a href=\"https:\/\/instagram.com\/about\/legal\/privacy\/\" target=\"_blank\" rel=\"noopener\">https:\/\/instagram.com\/about\/legal\/privacy\/<\/a><\/p>\n<h2 class=\"western\">YouTube<\/h2>\n<p>Unsere Website kann Plugins der von Google betriebenen Seite YouTube nutzen. Betreiber der Seiten ist die YouTube, LLC, 901 Cherry Ave., San Bruno, CA 94066, USA. Wenn Sie eine unserer mit einem YouTube-Plugin ausgestatteten Websites besuchen, wird eine Verbindung zu den Servern von YouTube hergestellt. Dabei wird dem YouTube-Server mitgeteilt, welche unserer Websites Sie besucht haben.<\/p>\n<p>Wenn Sie in Ihrem YouTube-Account eingeloggt sind, erm\u00f6glichen Sie YouTube, Ihr Surfverhalten direkt Ihrem pers\u00f6nlichen Profil zuzuordnen. Dies k\u00f6nnen Sie verhindern, indem Sie sich aus Ihrem YouTube-Account ausloggen.<\/p>\n<p>Weitere Informationen zum Umgang von Nutzerdaten finden Sie in der Datenschutzerkl\u00e4rung von YouTube unter: <a href=\"https:\/\/www.google.de\/intl\/de\/policies\/privacy\" target=\"_blank\" rel=\"noopener\">https:\/\/www.google.de\/intl\/de\/policies\/privacy<\/a><\/p>\n<h2 class=\"western\">Kommentarfunktion auf dieser Website<\/h2>\n<p>Der Betreiber dieser Websites beh\u00e4lt sich vor, nach eigenem Ermessen, f\u00fcr bestimmte Angebote auf dieser Websites, gelegentlich eine Kommentarfunktion anzubieten.<br \/>\nZur Nutzung einer angebotenen Kommentarfunktion ist keine Registrierung erforderlich. Durch die Nutzung einer angebotenen Kommentarfunktion entsteht grunds\u00e4tzlich keinerlei Anspruch auf eine Ver\u00f6ffentlichung des eingetragenen Kommentars. Neu eingegangene Kommentare werden durch den Betreiber der Websites zeitnah gepr\u00fcft und freigegeben, erst danach erfolgt die Ver\u00f6ffentlichung eines Kommentars auf den Kommentarseiten und ist damit f\u00fcr jeden Besucher der Websites lesbar.<br \/>\nUnabh\u00e4ngig von der vor Ver\u00f6ffentlichung erfolgten Pr\u00fcfung und Freigabe eines Kommentars, bleibt der Kommentierende f\u00fcr den Inhalt seines Kommentars verantwortlich.<br \/>\nDer Betreiber dieser Websites beh\u00e4lt sich vor, nach eigenem Ermessen, eine angebotene Kommentarfunktion wieder abzuschalten, einschlie\u00dflich der bereits ver\u00f6ffentlichten Kommentare.<br \/>\nMit der Nutzung der Kommentarfunktion erkl\u00e4rt sich der Kommentierende einverstanden, dass zur Pr\u00fcfung und Freigabe seines Kommentars, die Angabe seiner E-Mail-Adresse erforderlich ist und diese an den Betreiber der Websites \u00fcbermittelt wird. Die Speicherung und Nutzung dieser Daten erfolgt ausschlie\u00dflich im Rahmen der zuvor beschriebenen Kommentarfunktion. Eine weitergehende Nutzung, insbesondere eine Weitergabe an Dritte, erfolgt nicht.<\/p>\n<h2 class=\"western\">SSL-Verschl\u00fcsselung<\/h2>\n<p>Diese Websites nutzt aus Gr\u00fcnden der Sicherheit und zum Schutz der \u00dcbertragung vertraulicher Inhalte, wie zum Beispiel der Anfragen, die Sie an uns als Seitenbetreiber senden, eine SSL-Verschl\u00fcsselung. Eine verschl\u00fcsselte Verbindung erkennen Sie daran, dass die Adresszeile des Browsers von \"http:\/\/\" auf \"https:\/\/\" wechselt und an dem Schloss-Symbol in Ihrer Browserzeile.<\/p>\n<p>Wenn die SSL Verschl\u00fcsselung aktiviert ist, k\u00f6nnen die Daten, die Sie an uns \u00fcbermitteln, nicht von Dritten mitgelesen werden.<\/p>\n<h2 class=\"western\">Recht auf Auskunft, L\u00f6schung, Sperrung<\/h2>\n<p>Sie haben jederzeit das Recht auf unentgeltliche Auskunft \u00fcber Ihre gespeicherten personenbezogenen Daten, deren Herkunft und Empf\u00e4nger und den Zweck der Datenverarbeitung sowie ein Recht auf Berichtigung, Sperrung oder L\u00f6schung dieser Daten. Hierzu sowie zu weiteren Fragen zum Thema personenbezogene Daten k\u00f6nnen Sie sich jederzeit unter der im Impressum angegebenen Adresse an uns wenden.<\/p>\n<h2 class=\"western\">Widerspruch Werbe-Mails<\/h2>\n<p>Der Nutzung von im Rahmen der Impressumspflicht ver\u00f6ffentlichten Kontaktdaten zur \u00dcbersendung von nicht ausdr\u00fccklich angeforderter Werbung und Informationsmaterialien wird hiermit widersprochen. Der Betreiber dieser Websites beh\u00e4lt sich ausdr\u00fccklich rechtliche Schritte vor, im Falle der unverlangten Zusendung von Werbeinformationen, etwa durch Spam-E-Mails.<\/p>\n<p>Quelle: <a href=\"https:\/\/www.e-recht24.de\/musterdatenschutzerklaerung.html\" target=\"_blank\" rel=\"noopener\">https:\/\/www.e-recht24.de\/muster-datenschutzerklaerung.html<\/a><\/p>\n<h2 class=\"western\">Dokumente<\/h2>\n<p>Unser aktuelle <strong>Datenschutzordnung<\/strong> finden Sie <a href=\"http:\/\/bi-boelgental.de\/wp-content\/uploads\/2018\/10\/Datenschutzordnung.pdf\" target=\"_blank\" rel=\"noopener\">hier<\/a>.<\/p>\n<p>Unsere <strong>Informationspflichten<\/strong> finden sie <a href=\"http:\/\/bi-boelgental.de\/wp-content\/uploads\/2018\/10\/Informationspflichten-nach-Artikel-13-und-14-der-DSGVO.pdf\" target=\"_blank\" rel=\"noopener\">hier<\/a>.<\/p>\n<p>Selbstverst\u00e4ndlich gehen alle Personen, die bei uns Daten verarbeiten, sehr sensibel mit diesen um. Um dies sicher zu stellen, mussten alle diese Personen eine <strong>Vertraulichkeitsverpflichtung<\/strong> unterzeichnen. Die aktuelle Vorlage hierzu finden Sie <a href=\"http:\/\/bi-boelgental.de\/wp-content\/uploads\/2018\/10\/Vertraulichkeitsverpflichtung-nach-DSGVO.pdf\" target=\"_blank\" rel=\"noopener\">hier<\/a>.<\/p>\n<p>Damit wir einige Daten auch online verarbeiten zu k\u00f6nnen, ben\u00f6tigen wir eine extra <strong>Einwilligungserkl\u00e4rung<\/strong> von Ihnen. Unsere aktuelle Vorlage hierzu finden Sie <a href=\"http:\/\/bi-boelgental.de\/wp-content\/uploads\/2018\/10\/Einwilligungserkl\u00e4rung-zur-Ver\u00f6ffentlichung-von-Mitgliederdaten-in-Medien.pdf\" target=\"_blank\" rel=\"noopener\">hier<\/a>.<\/p>\n<p>Nat\u00fcrlich kommen wir auch unseren <strong>Auskunftspflichten<\/strong> nach. M\u00f6chten Sie wissen, welche Daten wir von Ihnen verarbeiten, dann fragen Sie uns bitte an. Unsere aktuelle Vorlage zur Auskunftspflicht finden Sie <a href=\"http:\/\/bi-boelgental.de\/wp-content\/uploads\/2018\/10\/Auskunftspflichten.pdf\" target=\"_blank\" rel=\"noopener\">hier<\/a>.<\/p>\n<\/div>\n<\/div><\/div><\/div><\/div><\/div>","protected":false},"excerpt":{"rendered":"<p>Datenschutzerkl\u00e4rung Datenschutz Wir die B\u00fcrgerinitiative \u201eSteinbruch B\u00f6lgental \u2013 Nein Danke!\u201ce.V. nehmen den Schutz Ihrer pers\u00f6nlichen Daten sehr ernst. Wir behandeln Ihre personenbezogenen Daten vertraulich und entsprechend der gesetzlichen Datenschutzvorschriften sowie dieser Datenschutzerkl\u00e4rung. Die Nutzung unserer Website ist in der Regel&#8230; <a class=\"more-link\" href=\"https:\/\/bi-boelgental.de\/?page_id=1947\">Weiterlesen &rarr;<\/a><\/p>\n","protected":false},"author":1,"featured_media":0,"parent":0,"menu_order":0,"comment_status":"closed","ping_status":"closed","template":"","meta":{"footnotes":""},"class_list":["post-1947","page","type-page","status-publish","hentry"],"_links":{"self":[{"href":"https:\/\/bi-boelgental.de\/index.php?rest_route=\/wp\/v2\/pages\/1947","targetHints":{"allow":["GET"]}}],"collection":[{"href":"https:\/\/bi-boelgental.de\/index.php?rest_route=\/wp\/v2\/pages"}],"about":[{"href":"https:\/\/bi-boelgental.de\/index.php?rest_route=\/wp\/v2\/types\/page"}],"author":[{"embeddable":true,"href":"https:\/\/bi-boelgental.de\/index.php?rest_route=\/wp\/v2\/users\/1"}],"replies":[{"embeddable":true,"href":"https:\/\/bi-boelgental.de\/index.php?rest_route=%2Fwp%2Fv2%2Fcomments&post=1947"}],"version-history":[{"count":11,"href":"https:\/\/bi-boelgental.de\/index.php?rest_route=\/wp\/v2\/pages\/1947\/revisions"}],"predecessor-version":[{"id":2357,"href":"https:\/\/bi-boelgental.de\/index.php?rest_route=\/wp\/v2\/pages\/1947\/revisions\/2357"}],"wp:attachment":[{"href":"https:\/\/bi-boelgental.de\/index.php?rest_route=%2Fwp%2Fv2%2Fmedia&parent=1947"}],"curies":[{"name":"wp","href":"https:\/\/api.w.org\/{rel}","templated":true}]}}