{"id":239,"date":"2017-01-14T19:17:09","date_gmt":"2017-01-14T18:17:09","guid":{"rendered":"http:\/\/bi-boelgental.de\/?page_id=239"},"modified":"2023-01-12T20:50:54","modified_gmt":"2023-01-12T19:50:54","slug":"winterwanderung-2","status":"publish","type":"page","link":"https:\/\/bi-boelgental.de\/?page_id=239","title":{"rendered":"Winterwanderung"},"content":{"rendered":"<div id=\"pl-239\"  class=\"panel-layout\" ><div id=\"pg-239-0\"  class=\"panel-grid panel-no-style\" ><div id=\"pgc-239-0-0\"  class=\"panel-grid-cell\" ><div id=\"panel-239-0-0-0\" class=\"so-panel widget widget_sow-editor panel-first-child panel-last-child\" data-index=\"0\" ><div\n\t\t\t\n\t\t\tclass=\"so-widget-sow-editor so-widget-sow-editor-base\"\n\t\t\t\n\t\t>\n<div class=\"siteorigin-widget-tinymce textwidget\">\n\t<p>Die Wanderung f\u00fchrt von B\u00f6lgental \u00fcber die ehemalige Heizenm\u00fchle zur Hammerschmiede und zur\u00fcck nach B\u00f6lgental.<\/p>\n<\/div>\n<\/div><\/div><\/div><\/div><div id=\"pg-239-1\"  class=\"panel-grid panel-no-style\" ><div id=\"pgc-239-1-0\"  class=\"panel-grid-cell\" ><div id=\"panel-239-1-0-0\" class=\"so-panel widget widget_sow-image panel-first-child\" data-index=\"1\" ><div\n\t\t\t\n\t\t\tclass=\"so-widget-sow-image so-widget-sow-image-default-8b5b6f678277-239\"\n\t\t\t\n\t\t>\n<div class=\"sow-image-container\">\n\t\t<img \n\tsrc=\"https:\/\/bi-boelgental.de\/wp-content\/uploads\/2017\/01\/Winterwanderung_01.jpg\" width=\"3072\" height=\"2048\" srcset=\"https:\/\/bi-boelgental.de\/wp-content\/uploads\/2017\/01\/Winterwanderung_01.jpg 3072w, https:\/\/bi-boelgental.de\/wp-content\/uploads\/2017\/01\/Winterwanderung_01-300x200.jpg 300w, https:\/\/bi-boelgental.de\/wp-content\/uploads\/2017\/01\/Winterwanderung_01-768x512.jpg 768w, https:\/\/bi-boelgental.de\/wp-content\/uploads\/2017\/01\/Winterwanderung_01-1024x683.jpg 1024w, https:\/\/bi-boelgental.de\/wp-content\/uploads\/2017\/01\/Winterwanderung_01-945x630.jpg 945w, https:\/\/bi-boelgental.de\/wp-content\/uploads\/2017\/01\/Winterwanderung_01-600x400.jpg 600w, https:\/\/bi-boelgental.de\/wp-content\/uploads\/2017\/01\/Winterwanderung_01-272x182.jpg 272w\" sizes=\"(max-width: 3072px) 100vw, 3072px\" title=\"Blick nach Osten\" alt=\"\" \t\tclass=\"so-widget-image\"\/>\n\t<\/div>\n\n<\/div><\/div><div id=\"panel-239-1-0-1\" class=\"so-panel widget widget_sow-editor panel-last-child\" data-index=\"2\" ><div\n\t\t\t\n\t\t\tclass=\"so-widget-sow-editor so-widget-sow-editor-base\"\n\t\t\t\n\t\t>\n<div class=\"siteorigin-widget-tinymce textwidget\">\n\t<p>Der Blick richtet sich Richtung Osten auf verschneite Ackerfl\u00e4chen, die Teil des potentiellen Steinbruchareals werden k\u00f6nnten.<\/p>\n<\/div>\n<\/div><\/div><\/div><\/div><div id=\"pg-239-2\"  class=\"panel-grid panel-no-style\" ><div id=\"pgc-239-2-0\"  class=\"panel-grid-cell\" ><div id=\"panel-239-2-0-0\" class=\"so-panel widget widget_sow-image panel-first-child\" data-index=\"3\" ><div\n\t\t\t\n\t\t\tclass=\"so-widget-sow-image so-widget-sow-image-default-8b5b6f678277-239\"\n\t\t\t\n\t\t>\n<div class=\"sow-image-container\">\n\t\t<img \n\tsrc=\"https:\/\/bi-boelgental.de\/wp-content\/uploads\/2017\/01\/Winterwanderung_08.jpg\" width=\"3072\" height=\"2048\" srcset=\"https:\/\/bi-boelgental.de\/wp-content\/uploads\/2017\/01\/Winterwanderung_08.jpg 3072w, https:\/\/bi-boelgental.de\/wp-content\/uploads\/2017\/01\/Winterwanderung_08-300x200.jpg 300w, https:\/\/bi-boelgental.de\/wp-content\/uploads\/2017\/01\/Winterwanderung_08-768x512.jpg 768w, https:\/\/bi-boelgental.de\/wp-content\/uploads\/2017\/01\/Winterwanderung_08-1024x683.jpg 1024w, https:\/\/bi-boelgental.de\/wp-content\/uploads\/2017\/01\/Winterwanderung_08-945x630.jpg 945w, https:\/\/bi-boelgental.de\/wp-content\/uploads\/2017\/01\/Winterwanderung_08-600x400.jpg 600w, https:\/\/bi-boelgental.de\/wp-content\/uploads\/2017\/01\/Winterwanderung_08-272x182.jpg 272w\" sizes=\"(max-width: 3072px) 100vw, 3072px\" title=\"Heizenm\u00fchlensteg\" alt=\"\" \t\tclass=\"so-widget-image\"\/>\n\t<\/div>\n\n<\/div><\/div><div id=\"panel-239-2-0-1\" class=\"so-panel widget widget_sow-editor panel-last-child\" data-index=\"4\" ><div\n\t\t\t\n\t\t\tclass=\"so-widget-sow-editor so-widget-sow-editor-base\"\n\t\t\t\n\t\t>\n<div class=\"siteorigin-widget-tinymce textwidget\">\n\t<p>Der Archensteg \u00fcber die Jagst, bei der ehemaligen Heizenm\u00fchle.<\/p>\n<p><a href=\"http:\/\/www.satteldorf.de\/home\/gemeinde\/sehenswuerdigkeiten\/\" target=\"_blank\">Weiter Informatonen zum Heizenm\u00fchlensteg finden Sie hier<\/a><\/p>\n<\/div>\n<\/div><\/div><\/div><\/div><div id=\"pg-239-3\"  class=\"panel-grid panel-no-style\" ><div id=\"pgc-239-3-0\"  class=\"panel-grid-cell\" ><div id=\"panel-239-3-0-0\" class=\"so-panel widget widget_sow-image panel-first-child\" data-index=\"5\" ><div\n\t\t\t\n\t\t\tclass=\"so-widget-sow-image so-widget-sow-image-default-8b5b6f678277-239\"\n\t\t\t\n\t\t>\n<div class=\"sow-image-container\">\n\t\t<img \n\tsrc=\"https:\/\/bi-boelgental.de\/wp-content\/uploads\/2017\/01\/Winterwanderung_11.jpg\" width=\"3072\" height=\"2048\" srcset=\"https:\/\/bi-boelgental.de\/wp-content\/uploads\/2017\/01\/Winterwanderung_11.jpg 3072w, https:\/\/bi-boelgental.de\/wp-content\/uploads\/2017\/01\/Winterwanderung_11-300x200.jpg 300w, https:\/\/bi-boelgental.de\/wp-content\/uploads\/2017\/01\/Winterwanderung_11-768x512.jpg 768w, https:\/\/bi-boelgental.de\/wp-content\/uploads\/2017\/01\/Winterwanderung_11-1024x683.jpg 1024w, https:\/\/bi-boelgental.de\/wp-content\/uploads\/2017\/01\/Winterwanderung_11-945x630.jpg 945w, https:\/\/bi-boelgental.de\/wp-content\/uploads\/2017\/01\/Winterwanderung_11-600x400.jpg 600w, https:\/\/bi-boelgental.de\/wp-content\/uploads\/2017\/01\/Winterwanderung_11-272x182.jpg 272w\" sizes=\"(max-width: 3072px) 100vw, 3072px\" title=\"Jagst\" alt=\"\" \t\tclass=\"so-widget-image\"\/>\n\t<\/div>\n\n<\/div><\/div><div id=\"panel-239-3-0-1\" class=\"so-panel widget widget_sow-editor panel-last-child\" data-index=\"6\" ><div\n\t\t\t\n\t\t\tclass=\"so-widget-sow-editor so-widget-sow-editor-base\"\n\t\t\t\n\t\t>\n<div class=\"siteorigin-widget-tinymce textwidget\">\n\t<p>Das unter Naturschutz stehende Jagsttal hat auch im Winter seine ganz besonderen Reiz.<\/p>\n<\/div>\n<\/div><\/div><\/div><\/div><div id=\"pg-239-4\"  class=\"panel-grid panel-no-style\" ><div id=\"pgc-239-4-0\"  class=\"panel-grid-cell\" ><div id=\"panel-239-4-0-0\" class=\"so-panel widget widget_sow-image panel-first-child\" data-index=\"7\" ><div\n\t\t\t\n\t\t\tclass=\"so-widget-sow-image so-widget-sow-image-default-8b5b6f678277-239\"\n\t\t\t\n\t\t>\n<div class=\"sow-image-container\">\n\t\t<img \n\tsrc=\"https:\/\/bi-boelgental.de\/wp-content\/uploads\/2017\/01\/Winterwanderung_15.jpg\" width=\"3072\" height=\"2048\" srcset=\"https:\/\/bi-boelgental.de\/wp-content\/uploads\/2017\/01\/Winterwanderung_15.jpg 3072w, https:\/\/bi-boelgental.de\/wp-content\/uploads\/2017\/01\/Winterwanderung_15-300x200.jpg 300w, https:\/\/bi-boelgental.de\/wp-content\/uploads\/2017\/01\/Winterwanderung_15-768x512.jpg 768w, https:\/\/bi-boelgental.de\/wp-content\/uploads\/2017\/01\/Winterwanderung_15-1024x683.jpg 1024w, https:\/\/bi-boelgental.de\/wp-content\/uploads\/2017\/01\/Winterwanderung_15-945x630.jpg 945w, https:\/\/bi-boelgental.de\/wp-content\/uploads\/2017\/01\/Winterwanderung_15-600x400.jpg 600w, https:\/\/bi-boelgental.de\/wp-content\/uploads\/2017\/01\/Winterwanderung_15-272x182.jpg 272w\" sizes=\"(max-width: 3072px) 100vw, 3072px\" title=\"Wanderweg entlang der Gronach\" alt=\"\" \t\tclass=\"so-widget-image\"\/>\n\t<\/div>\n\n<\/div><\/div><div id=\"panel-239-4-0-1\" class=\"so-panel widget widget_sow-editor panel-last-child\" data-index=\"8\" ><div\n\t\t\t\n\t\t\tclass=\"so-widget-sow-editor so-widget-sow-editor-base\"\n\t\t\t\n\t\t>\n<div class=\"siteorigin-widget-tinymce textwidget\">\n\t<p>Winterwunderland entlang der Gronach Richtung Hammerschmiede.<\/p>\n<\/div>\n<\/div><\/div><\/div><\/div><div id=\"pg-239-5\"  class=\"panel-grid panel-no-style\" ><div id=\"pgc-239-5-0\"  class=\"panel-grid-cell\" ><div id=\"panel-239-5-0-0\" class=\"so-panel widget widget_sow-image panel-first-child\" data-index=\"9\" ><div\n\t\t\t\n\t\t\tclass=\"so-widget-sow-image so-widget-sow-image-default-8b5b6f678277-239\"\n\t\t\t\n\t\t>\n<div class=\"sow-image-container\">\n\t\t<img \n\tsrc=\"https:\/\/bi-boelgental.de\/wp-content\/uploads\/2017\/01\/Winterwanderung_25.jpg\" width=\"3072\" height=\"2048\" srcset=\"https:\/\/bi-boelgental.de\/wp-content\/uploads\/2017\/01\/Winterwanderung_25.jpg 3072w, https:\/\/bi-boelgental.de\/wp-content\/uploads\/2017\/01\/Winterwanderung_25-300x200.jpg 300w, https:\/\/bi-boelgental.de\/wp-content\/uploads\/2017\/01\/Winterwanderung_25-768x512.jpg 768w, https:\/\/bi-boelgental.de\/wp-content\/uploads\/2017\/01\/Winterwanderung_25-1024x683.jpg 1024w, https:\/\/bi-boelgental.de\/wp-content\/uploads\/2017\/01\/Winterwanderung_25-945x630.jpg 945w, https:\/\/bi-boelgental.de\/wp-content\/uploads\/2017\/01\/Winterwanderung_25-600x400.jpg 600w, https:\/\/bi-boelgental.de\/wp-content\/uploads\/2017\/01\/Winterwanderung_25-272x182.jpg 272w\" sizes=\"(max-width: 3072px) 100vw, 3072px\" title=\"Acker Winter Schnee Sonne\" alt=\"\" \t\tclass=\"so-widget-image\"\/>\n\t<\/div>\n\n<\/div><\/div><div id=\"panel-239-5-0-1\" class=\"so-panel widget widget_sow-editor panel-last-child\" data-index=\"10\" ><div\n\t\t\t\n\t\t\tclass=\"so-widget-sow-editor so-widget-sow-editor-base\"\n\t\t\t\n\t\t>\n<div class=\"siteorigin-widget-tinymce textwidget\">\n\t<p>Diese verschneite Ackerfl\u00e4che entwickelt im Licht der Wintersonne einen ganz eigenen Reiz.<\/p>\n<p>Zuk\u00fcnftig dagegen, k\u00f6nnte hier ein tiefes Loch entstehen.<\/p>\n<\/div>\n<\/div><\/div><\/div><\/div><div id=\"pg-239-6\"  class=\"panel-grid panel-no-style\" ><div id=\"pgc-239-6-0\"  class=\"panel-grid-cell\" ><div id=\"panel-239-6-0-0\" class=\"so-panel widget widget_sow-editor panel-first-child panel-last-child\" data-index=\"11\" ><div\n\t\t\t\n\t\t\tclass=\"so-widget-sow-editor so-widget-sow-editor-base\"\n\t\t\t\n\t\t>\n<div class=\"siteorigin-widget-tinymce textwidget\">\n\t<p>Alle Bilder der Wanderung sind hier zu finden: <a href=\"http:\/\/bi-boelgental.de\/?page_id=230\" target=\"_blank\">Winterwanderung<\/a><\/p>\n<\/div>\n<\/div><\/div><\/div><\/div><\/div>","protected":false},"excerpt":{"rendered":"<p>Die Wanderung f\u00fchrt von B\u00f6lgental \u00fcber die ehemalige Heizenm\u00fchle zur Hammerschmiede und zur\u00fcck nach B\u00f6lgental. Der Blick richtet sich Richtung Osten auf verschneite Ackerfl\u00e4chen, die Teil des potentiellen Steinbruchareals werden k\u00f6nnten.<\/p>\n","protected":false},"author":1,"featured_media":0,"parent":40,"menu_order":0,"comment_status":"closed","ping_status":"closed","template":"","meta":{"footnotes":""},"class_list":["post-239","page","type-page","status-publish","hentry"],"_links":{"self":[{"href":"https:\/\/bi-boelgental.de\/index.php?rest_route=\/wp\/v2\/pages\/239","targetHints":{"allow":["GET"]}}],"collection":[{"href":"https:\/\/bi-boelgental.de\/index.php?rest_route=\/wp\/v2\/pages"}],"about":[{"href":"https:\/\/bi-boelgental.de\/index.php?rest_route=\/wp\/v2\/types\/page"}],"author":[{"embeddable":true,"href":"https:\/\/bi-boelgental.de\/index.php?rest_route=\/wp\/v2\/users\/1"}],"replies":[{"embeddable":true,"href":"https:\/\/bi-boelgental.de\/index.php?rest_route=%2Fwp%2Fv2%2Fcomments&post=239"}],"version-history":[{"count":11,"href":"https:\/\/bi-boelgental.de\/index.php?rest_route=\/wp\/v2\/pages\/239\/revisions"}],"predecessor-version":[{"id":2540,"href":"https:\/\/bi-boelgental.de\/index.php?rest_route=\/wp\/v2\/pages\/239\/revisions\/2540"}],"up":[{"embeddable":true,"href":"https:\/\/bi-boelgental.de\/index.php?rest_route=\/wp\/v2\/pages\/40"}],"wp:attachment":[{"href":"https:\/\/bi-boelgental.de\/index.php?rest_route=%2Fwp%2Fv2%2Fmedia&parent=239"}],"curies":[{"name":"wp","href":"https:\/\/api.w.org\/{rel}","templated":true}]}}