{"id":46,"date":"2016-10-25T20:24:14","date_gmt":"2016-10-25T18:24:14","guid":{"rendered":"http:\/\/bi-boelgental.de\/?page_id=46"},"modified":"2017-10-31T14:07:20","modified_gmt":"2017-10-31T13:07:20","slug":"unsere-ziele","status":"publish","type":"page","link":"https:\/\/bi-boelgental.de\/?page_id=46","title":{"rendered":"Unsere Ziele"},"content":{"rendered":"<div id=\"pl-46\"  class=\"panel-layout\" ><div id=\"pg-46-0\"  class=\"panel-grid panel-no-style\" ><div id=\"pgc-46-0-0\"  class=\"panel-grid-cell\" ><div id=\"panel-46-0-0-0\" class=\"so-panel widget widget_sow-editor panel-first-child panel-last-child\" data-index=\"0\" ><div\n\t\t\t\n\t\t\tclass=\"so-widget-sow-editor so-widget-sow-editor-base\"\n\t\t\t\n\t\t>\n<div class=\"siteorigin-widget-tinymce textwidget\">\n\t<ul>\n<li>Eintritt f\u00fcr den Natur- und Umweltschutz des Jagsttales einschlie\u00dflich der Hochfl\u00e4chen zwischen den Ortschaften Gr\u00f6ningen und B\u00f6lgental<\/li>\n<li>Verhinderung von Schwerlastverkehr<\/li>\n<li>Schutz der B\u00fcrger vor negativen Einwirkungen<\/li>\n<li>Erhalt der Lebensqualit\u00e4t f\u00fcr Mensch und Tier<\/li>\n<li>Erhalt des Landschaftsbildes<\/li>\n<\/ul>\n<\/div>\n<\/div><\/div><\/div><\/div><div id=\"pg-46-1\"  class=\"panel-grid panel-no-style\" ><div id=\"pgc-46-1-0\"  class=\"panel-grid-cell\" ><div id=\"panel-46-1-0-0\" class=\"so-panel widget widget_sow-image panel-first-child panel-last-child\" data-index=\"1\" ><div\n\t\t\t\n\t\t\tclass=\"so-widget-sow-image so-widget-sow-image-default-8b5b6f678277-46\"\n\t\t\t\n\t\t>\n<div class=\"sow-image-container\">\n\t\t<img \n\tsrc=\"https:\/\/bi-boelgental.de\/wp-content\/uploads\/2016\/11\/Flyer_FINAL_web.jpg\" width=\"3508\" height=\"2481\" srcset=\"https:\/\/bi-boelgental.de\/wp-content\/uploads\/2016\/11\/Flyer_FINAL_web.jpg 3508w, https:\/\/bi-boelgental.de\/wp-content\/uploads\/2016\/11\/Flyer_FINAL_web-300x212.jpg 300w, https:\/\/bi-boelgental.de\/wp-content\/uploads\/2016\/11\/Flyer_FINAL_web-768x543.jpg 768w, https:\/\/bi-boelgental.de\/wp-content\/uploads\/2016\/11\/Flyer_FINAL_web-1024x724.jpg 1024w\" sizes=\"(max-width: 3508px) 100vw, 3508px\" title=\"flyer_final_web\" alt=\"\" \t\tclass=\"so-widget-image\"\/>\n\t<\/div>\n\n<\/div><\/div><\/div><\/div><\/div>","protected":false},"excerpt":{"rendered":"<p>Eintritt f\u00fcr den Natur- und Umweltschutz des Jagsttales einschlie\u00dflich der Hochfl\u00e4chen zwischen den Ortschaften Gr\u00f6ningen und B\u00f6lgentalVerhinderung von SchwerlastverkehrSchutz der B\u00fcrger vor negativen EinwirkungenErhalt der Lebensqualit\u00e4t f\u00fcr Mensch und TierErhalt des Landschaftsbildes<\/p>\n","protected":false},"author":1,"featured_media":0,"parent":0,"menu_order":1,"comment_status":"closed","ping_status":"closed","template":"","meta":{"footnotes":""},"class_list":["post-46","page","type-page","status-publish","hentry"],"_links":{"self":[{"href":"https:\/\/bi-boelgental.de\/index.php?rest_route=\/wp\/v2\/pages\/46","targetHints":{"allow":["GET"]}}],"collection":[{"href":"https:\/\/bi-boelgental.de\/index.php?rest_route=\/wp\/v2\/pages"}],"about":[{"href":"https:\/\/bi-boelgental.de\/index.php?rest_route=\/wp\/v2\/types\/page"}],"author":[{"embeddable":true,"href":"https:\/\/bi-boelgental.de\/index.php?rest_route=\/wp\/v2\/users\/1"}],"replies":[{"embeddable":true,"href":"https:\/\/bi-boelgental.de\/index.php?rest_route=%2Fwp%2Fv2%2Fcomments&post=46"}],"version-history":[{"count":11,"href":"https:\/\/bi-boelgental.de\/index.php?rest_route=\/wp\/v2\/pages\/46\/revisions"}],"predecessor-version":[{"id":936,"href":"https:\/\/bi-boelgental.de\/index.php?rest_route=\/wp\/v2\/pages\/46\/revisions\/936"}],"wp:attachment":[{"href":"https:\/\/bi-boelgental.de\/index.php?rest_route=%2Fwp%2Fv2%2Fmedia&parent=46"}],"curies":[{"name":"wp","href":"https:\/\/api.w.org\/{rel}","templated":true}]}}