{"id":738,"date":"2017-12-30T21:34:43","date_gmt":"2017-12-30T20:34:43","guid":{"rendered":"http:\/\/bi-boelgental.de\/?page_id=738"},"modified":"2021-04-28T21:18:31","modified_gmt":"2021-04-28T19:18:31","slug":"downloads-2","status":"publish","type":"page","link":"https:\/\/bi-boelgental.de\/?page_id=738","title":{"rendered":"Downloads"},"content":{"rendered":"<div id=\"pl-738\"  class=\"panel-layout\" ><div id=\"pg-738-0\"  class=\"panel-grid panel-no-style\" ><div id=\"pgc-738-0-0\"  class=\"panel-grid-cell\" ><div id=\"panel-738-0-0-0\" class=\"so-panel widget widget_sow-button panel-first-child panel-last-child\" data-index=\"0\" ><div\n\t\t\t\n\t\t\tclass=\"so-widget-sow-button so-widget-sow-button-flat-c4e9626b1ad2-738\"\n\t\t\t\n\t\t><div class=\"ow-button-base ow-button-align-center\"\n>\n\t\t\t<a\n\t\t\t\t\thref=\"http:\/\/bi-boelgental.de\/wp-content\/uploads\/2018\/02\/Beitrittserkl\u00e4rung.pdf\"\n\t\t\t\t\tclass=\"sowb-button ow-icon-placement-left ow-button-hover\" target=\"_blank\" rel=\"noopener noreferrer\" \t>\n\t\t<span>\n\t\t\t\n\t\t\tDownload\t\t<\/span>\n\t\t\t<\/a>\n\t<\/div>\n<\/div><\/div><\/div><div id=\"pgc-738-0-1\"  class=\"panel-grid-cell\" ><div id=\"panel-738-0-1-0\" class=\"so-panel widget widget_sow-editor panel-first-child panel-last-child\" data-index=\"1\" ><div\n\t\t\t\n\t\t\tclass=\"so-widget-sow-editor so-widget-sow-editor-base\"\n\t\t\t\n\t\t>\n<div class=\"siteorigin-widget-tinymce textwidget\">\n\t<p><strong>Mitglied in der B\u00fcrgerinitiative werden - Beitrittserkl\u00e4rung<br \/> <\/strong><\/p>\n<\/div>\n<\/div><\/div><\/div><\/div><div id=\"pg-738-1\"  class=\"panel-grid panel-no-style\" ><div id=\"pgc-738-1-0\"  class=\"panel-grid-cell\" ><div id=\"panel-738-1-0-0\" class=\"so-panel widget widget_sow-button panel-first-child panel-last-child\" data-index=\"2\" ><div\n\t\t\t\n\t\t\tclass=\"so-widget-sow-button so-widget-sow-button-flat-c4e9626b1ad2-738\"\n\t\t\t\n\t\t><div class=\"ow-button-base ow-button-align-center\"\n>\n\t\t\t<a\n\t\t\t\t\thref=\"https:\/\/bi-boelgental.de\/?attachment_id=2427\"\n\t\t\t\t\tclass=\"sowb-button ow-icon-placement-left ow-button-hover\" target=\"_blank\" rel=\"noopener noreferrer\" \t>\n\t\t<span>\n\t\t\t\n\t\t\tDownload\t\t<\/span>\n\t\t\t<\/a>\n\t<\/div>\n<\/div><\/div><\/div><div id=\"pgc-738-1-1\"  class=\"panel-grid-cell\" ><div id=\"panel-738-1-1-0\" class=\"so-panel widget widget_sow-editor panel-first-child panel-last-child\" data-index=\"3\" ><div\n\t\t\t\n\t\t\tclass=\"so-widget-sow-editor so-widget-sow-editor-base\"\n\t\t\t\n\t\t>\n<div class=\"siteorigin-widget-tinymce textwidget\">\n\t<p><strong>Online Konsultation (Zip-Archiv)<br \/>\n<\/strong><\/p>\n<\/div>\n<\/div><\/div><\/div><\/div><div id=\"pg-738-2\"  class=\"panel-grid panel-no-style\" ><div id=\"pgc-738-2-0\"  class=\"panel-grid-cell\" ><div id=\"panel-738-2-0-0\" class=\"so-panel widget widget_sow-button panel-first-child panel-last-child\" data-index=\"4\" ><div\n\t\t\t\n\t\t\tclass=\"so-widget-sow-button so-widget-sow-button-flat-c4e9626b1ad2-738\"\n\t\t\t\n\t\t><div class=\"ow-button-base ow-button-align-center\"\n>\n\t\t\t<a\n\t\t\t\t\thref=\"https:\/\/bi-boelgental.de\/?attachment_id=2330\"\n\t\t\t\t\tclass=\"sowb-button ow-icon-placement-left ow-button-hover\" target=\"_blank\" rel=\"noopener noreferrer\" \t>\n\t\t<span>\n\t\t\t\n\t\t\tDownload\t\t<\/span>\n\t\t\t<\/a>\n\t<\/div>\n<\/div><\/div><\/div><div id=\"pgc-738-2-1\"  class=\"panel-grid-cell\" ><div id=\"panel-738-2-1-0\" class=\"so-panel widget widget_sow-editor panel-first-child panel-last-child\" data-index=\"5\" ><div\n\t\t\t\n\t\t\tclass=\"so-widget-sow-editor so-widget-sow-editor-base\"\n\t\t\t\n\t\t>\n<div class=\"siteorigin-widget-tinymce textwidget\">\n\t<p><strong>Hinweise zum Umgang mit Zip-Dateien<\/strong><\/p>\n<\/div>\n<\/div><\/div><\/div><\/div><div id=\"pg-738-3\"  class=\"panel-grid panel-no-style\" ><div id=\"pgc-738-3-0\"  class=\"panel-grid-cell\" ><div id=\"panel-738-3-0-0\" class=\"so-panel widget widget_sow-button panel-first-child panel-last-child\" data-index=\"6\" ><div\n\t\t\t\n\t\t\tclass=\"so-widget-sow-button so-widget-sow-button-flat-c4e9626b1ad2-738\"\n\t\t\t\n\t\t><div class=\"ow-button-base ow-button-align-center\"\n>\n\t\t\t<a\n\t\t\t\t\thref=\"https:\/\/bi-boelgental.de\/?attachment_id=2276\"\n\t\t\t\t\tclass=\"sowb-button ow-icon-placement-left ow-button-hover\" target=\"_blank\" rel=\"noopener noreferrer\" \t>\n\t\t<span>\n\t\t\t\n\t\t\tDownload\t\t<\/span>\n\t\t\t<\/a>\n\t<\/div>\n<\/div><\/div><\/div><div id=\"pgc-738-3-1\"  class=\"panel-grid-cell\" ><div id=\"panel-738-3-1-0\" class=\"so-panel widget widget_sow-editor panel-first-child panel-last-child\" data-index=\"7\" ><div\n\t\t\t\n\t\t\tclass=\"so-widget-sow-editor so-widget-sow-editor-base\"\n\t\t\t\n\t\t>\n<div class=\"siteorigin-widget-tinymce textwidget\">\n\t<p><strong>Der Flyer \"B\u00fcrger f\u00fcr B\u00fcrger\" (Zum Genehmigungsverfahren)<br \/>\n<\/strong><\/p>\n<\/div>\n<\/div><\/div><\/div><\/div><div id=\"pg-738-4\"  class=\"panel-grid panel-no-style\" ><div id=\"pgc-738-4-0\"  class=\"panel-grid-cell\" ><div id=\"panel-738-4-0-0\" class=\"so-panel widget widget_sow-button panel-first-child panel-last-child\" data-index=\"8\" ><div\n\t\t\t\n\t\t\tclass=\"so-widget-sow-button so-widget-sow-button-flat-c4e9626b1ad2-738\"\n\t\t\t\n\t\t><div class=\"ow-button-base ow-button-align-center\"\n>\n\t\t\t<a\n\t\t\t\t\thref=\"https:\/\/bi-boelgental.de\/?attachment_id=2278\"\n\t\t\t\t\tclass=\"sowb-button ow-icon-placement-left ow-button-hover\" target=\"_blank\" rel=\"noopener noreferrer\" \t>\n\t\t<span>\n\t\t\t\n\t\t\tDownload\t\t<\/span>\n\t\t\t<\/a>\n\t<\/div>\n<\/div><\/div><\/div><div id=\"pgc-738-4-1\"  class=\"panel-grid-cell\" ><div id=\"panel-738-4-1-0\" class=\"so-panel widget widget_sow-editor panel-first-child panel-last-child\" data-index=\"9\" ><div\n\t\t\t\n\t\t\tclass=\"so-widget-sow-editor so-widget-sow-editor-base\"\n\t\t\t\n\t\t>\n<div class=\"siteorigin-widget-tinymce textwidget\">\n\t<p><strong>Der Flyer \"Aufruf Einspr\u00fcche\" (Abbauvorhaben)<br \/>\n<\/strong><\/p>\n<\/div>\n<\/div><\/div><\/div><\/div><div id=\"pg-738-5\"  class=\"panel-grid panel-no-style\" ><div id=\"pgc-738-5-0\"  class=\"panel-grid-cell\" ><div id=\"panel-738-5-0-0\" class=\"so-panel widget widget_sow-button panel-first-child panel-last-child\" data-index=\"10\" ><div\n\t\t\t\n\t\t\tclass=\"so-widget-sow-button so-widget-sow-button-flat-c4e9626b1ad2-738\"\n\t\t\t\n\t\t><div class=\"ow-button-base ow-button-align-center\"\n>\n\t\t\t<a\n\t\t\t\t\thref=\"https:\/\/bi-boelgental.de\/?attachment_id=2277\"\n\t\t\t\t\tclass=\"sowb-button ow-icon-placement-left ow-button-hover\" target=\"_blank\" rel=\"noopener noreferrer\" \t>\n\t\t<span>\n\t\t\t\n\t\t\tDownload\t\t<\/span>\n\t\t\t<\/a>\n\t<\/div>\n<\/div><\/div><\/div><div id=\"pgc-738-5-1\"  class=\"panel-grid-cell\" ><div id=\"panel-738-5-1-0\" class=\"so-panel widget widget_sow-editor panel-first-child panel-last-child\" data-index=\"11\" ><div\n\t\t\t\n\t\t\tclass=\"so-widget-sow-editor so-widget-sow-editor-base\"\n\t\t\t\n\t\t>\n<div class=\"siteorigin-widget-tinymce textwidget\">\n\t<p><strong>Der Flyer des Gr\u00f6ninger Ortschaftsrats (Aufruf - <\/strong><strong>Einspruch gegen das Abbauvorhaben)<br \/>\n<\/strong><\/p>\n<\/div>\n<\/div><\/div><\/div><\/div><div id=\"pg-738-6\"  class=\"panel-grid panel-no-style\" ><div id=\"pgc-738-6-0\"  class=\"panel-grid-cell\" ><div id=\"panel-738-6-0-0\" class=\"so-panel widget widget_sow-button panel-first-child panel-last-child\" data-index=\"12\" ><div\n\t\t\t\n\t\t\tclass=\"so-widget-sow-button so-widget-sow-button-flat-c4e9626b1ad2-738\"\n\t\t\t\n\t\t><div class=\"ow-button-base ow-button-align-center\"\n>\n\t\t\t<a\n\t\t\t\t\thref=\"http:\/\/bi-boelgental.de\/wp-content\/uploads\/2017\/09\/Flyer_FINAL.pdf\"\n\t\t\t\t\tclass=\"sowb-button ow-icon-placement-left ow-button-hover\" target=\"_blank\" rel=\"noopener noreferrer\" \t>\n\t\t<span>\n\t\t\t\n\t\t\tDownload\t\t<\/span>\n\t\t\t<\/a>\n\t<\/div>\n<\/div><\/div><\/div><div id=\"pgc-738-6-1\"  class=\"panel-grid-cell\" ><div id=\"panel-738-6-1-0\" class=\"so-panel widget widget_sow-editor panel-first-child panel-last-child\" data-index=\"13\" ><div\n\t\t\t\n\t\t\tclass=\"so-widget-sow-editor so-widget-sow-editor-base\"\n\t\t\t\n\t\t>\n<div class=\"siteorigin-widget-tinymce textwidget\">\n\t<p><strong>Der Infoflyer der B\u00fcrgerinitiative<\/strong><\/p>\n<\/div>\n<\/div><\/div><\/div><\/div><div id=\"pg-738-7\"  class=\"panel-grid panel-no-style\" ><div id=\"pgc-738-7-0\"  class=\"panel-grid-cell\" ><div id=\"panel-738-7-0-0\" class=\"so-panel widget widget_sow-button panel-first-child panel-last-child\" data-index=\"14\" ><div\n\t\t\t\n\t\t\tclass=\"so-widget-sow-button so-widget-sow-button-flat-c4e9626b1ad2-738\"\n\t\t\t\n\t\t><div class=\"ow-button-base ow-button-align-center\"\n>\n\t\t\t<a\n\t\t\t\t\thref=\"http:\/\/bi-boelgental.de\/wp-content\/uploads\/2018\/10\/Einwilligungserkl\u00e4rung-zur-Ver\u00f6ffentlichung-von-Mitgliederdaten-in-Medien.pdf\"\n\t\t\t\t\tclass=\"sowb-button ow-icon-placement-left ow-button-hover\" target=\"_blank\" rel=\"noopener noreferrer\" \t>\n\t\t<span>\n\t\t\t\n\t\t\tDownload\t\t<\/span>\n\t\t\t<\/a>\n\t<\/div>\n<\/div><\/div><\/div><div id=\"pgc-738-7-1\"  class=\"panel-grid-cell\" ><div id=\"panel-738-7-1-0\" class=\"so-panel widget widget_sow-editor panel-first-child panel-last-child\" data-index=\"15\" ><div\n\t\t\t\n\t\t\tclass=\"so-widget-sow-editor so-widget-sow-editor-base\"\n\t\t\t\n\t\t>\n<div class=\"siteorigin-widget-tinymce textwidget\">\n\t<p><strong>Einwilligungserkl\u00e4rung zur Ver\u00f6ffentlichung von Mitgliederdaten in Medien<\/strong><\/p>\n<\/div>\n<\/div><\/div><\/div><\/div><div id=\"pg-738-8\"  class=\"panel-grid panel-no-style\" ><div id=\"pgc-738-8-0\"  class=\"panel-grid-cell\" ><div id=\"panel-738-8-0-0\" class=\"so-panel widget widget_sow-button panel-first-child panel-last-child\" data-index=\"16\" ><div\n\t\t\t\n\t\t\tclass=\"so-widget-sow-button so-widget-sow-button-flat-c4e9626b1ad2-738\"\n\t\t\t\n\t\t><div class=\"ow-button-base ow-button-align-center\"\n>\n\t\t\t<a\n\t\t\t\t\thref=\"http:\/\/bi-boelgental.de\/wp-content\/uploads\/2018\/10\/Auskunftspflichten.pdf\"\n\t\t\t\t\tclass=\"sowb-button ow-icon-placement-left ow-button-hover\" target=\"_blank\" rel=\"noopener noreferrer\" \t>\n\t\t<span>\n\t\t\t\n\t\t\tDownload\t\t<\/span>\n\t\t\t<\/a>\n\t<\/div>\n<\/div><\/div><\/div><div id=\"pgc-738-8-1\"  class=\"panel-grid-cell\" ><div id=\"panel-738-8-1-0\" class=\"so-panel widget widget_sow-editor panel-first-child panel-last-child\" data-index=\"17\" ><div\n\t\t\t\n\t\t\tclass=\"so-widget-sow-editor so-widget-sow-editor-base\"\n\t\t\t\n\t\t>\n<div class=\"siteorigin-widget-tinymce textwidget\">\n\t<p><strong>Auskunftsverlangen gem\u00e4\u00df Artikel 15 DS-GVO<br \/>\n<\/strong><\/p>\n<\/div>\n<\/div><\/div><\/div><\/div><div id=\"pg-738-9\"  class=\"panel-grid panel-no-style\" ><div id=\"pgc-738-9-0\"  class=\"panel-grid-cell\" ><div id=\"panel-738-9-0-0\" class=\"so-panel widget widget_sow-button panel-first-child panel-last-child\" data-index=\"18\" ><div\n\t\t\t\n\t\t\tclass=\"so-widget-sow-button so-widget-sow-button-flat-c4e9626b1ad2-738\"\n\t\t\t\n\t\t><div class=\"ow-button-base ow-button-align-center\"\n>\n\t\t\t<a\n\t\t\t\t\thref=\"http:\/\/bi-boelgental.de\/wp-content\/uploads\/2018\/05\/Flyer_FINAL_B\u00fcrgerentscheid.pdf\"\n\t\t\t\t\tclass=\"sowb-button ow-icon-placement-left ow-button-hover\" target=\"_blank\" rel=\"noopener noreferrer\" \t>\n\t\t<span>\n\t\t\t\n\t\t\tDownload\t\t<\/span>\n\t\t\t<\/a>\n\t<\/div>\n<\/div><\/div><\/div><div id=\"pgc-738-9-1\"  class=\"panel-grid-cell\" ><div id=\"panel-738-9-1-0\" class=\"so-panel widget widget_sow-editor panel-first-child panel-last-child\" data-index=\"19\" ><div\n\t\t\t\n\t\t\tclass=\"so-widget-sow-editor so-widget-sow-editor-base\"\n\t\t\t\n\t\t>\n<div class=\"siteorigin-widget-tinymce textwidget\">\n\t<p><strong><span style=\"color: #000000;\">Der Infoflyer der BI zum B\u00fcrgerentscheid<\/span><br \/>\n<\/strong><\/p>\n<\/div>\n<\/div><\/div><\/div><\/div><div id=\"pg-738-10\"  class=\"panel-grid panel-no-style\" ><div id=\"pgc-738-10-0\"  class=\"panel-grid-cell panel-grid-cell-empty panel-grid-cell-mobile-last\" ><\/div><div id=\"pgc-738-10-1\"  class=\"panel-grid-cell panel-grid-cell-empty\" ><\/div><\/div><div id=\"pg-738-11\"  class=\"panel-grid panel-no-style\" ><div id=\"pgc-738-11-0\"  class=\"panel-grid-cell\" ><div id=\"panel-738-11-0-0\" class=\"so-panel widget widget_sow-button panel-first-child panel-last-child\" data-index=\"20\" ><div\n\t\t\t\n\t\t\tclass=\"so-widget-sow-button so-widget-sow-button-flat-c4e9626b1ad2-738\"\n\t\t\t\n\t\t><div class=\"ow-button-base ow-button-align-center\"\n>\n\t\t\t<a\n\t\t\t\t\thref=\"http:\/\/bi-boelgental.de\/wp-content\/uploads\/2017\/09\/Flyer_FINAL_17-09-22.pdf\"\n\t\t\t\t\tclass=\"sowb-button ow-icon-placement-left ow-button-hover\" target=\"_blank\" rel=\"noopener noreferrer\" \t>\n\t\t<span>\n\t\t\t\n\t\t\tDownload\t\t<\/span>\n\t\t\t<\/a>\n\t<\/div>\n<\/div><\/div><\/div><div id=\"pgc-738-11-1\"  class=\"panel-grid-cell\" ><div id=\"panel-738-11-1-0\" class=\"so-panel widget widget_sow-editor panel-first-child panel-last-child\" data-index=\"21\" ><div\n\t\t\t\n\t\t\tclass=\"so-widget-sow-editor so-widget-sow-editor-base\"\n\t\t\t\n\t\t>\n<div class=\"siteorigin-widget-tinymce textwidget\">\n\t<p><strong>Der Flyer zur Unterschriftensammelaktion<\/strong><\/p>\n<\/div>\n<\/div><\/div><\/div><\/div><div id=\"pg-738-12\"  class=\"panel-grid panel-no-style\" ><div id=\"pgc-738-12-0\"  class=\"panel-grid-cell\" ><div id=\"panel-738-12-0-0\" class=\"so-panel widget widget_sow-button panel-first-child panel-last-child\" data-index=\"22\" ><div\n\t\t\t\n\t\t\tclass=\"so-widget-sow-button so-widget-sow-button-flat-c4e9626b1ad2-738\"\n\t\t\t\n\t\t><div class=\"ow-button-base ow-button-align-center\"\n>\n\t\t\t<a\n\t\t\t\t\thref=\"http:\/\/bi-boelgental.de\/wp-content\/uploads\/2017\/09\/Unterschriftenliste-B\u00fcrgerbegehren.pdf\"\n\t\t\t\t\tclass=\"sowb-button ow-icon-placement-left ow-button-hover\" target=\"_blank\" rel=\"noopener noreferrer\" \t>\n\t\t<span>\n\t\t\t\n\t\t\tDownload\t\t<\/span>\n\t\t\t<\/a>\n\t<\/div>\n<\/div><\/div><\/div><div id=\"pgc-738-12-1\"  class=\"panel-grid-cell\" ><div id=\"panel-738-12-1-0\" class=\"so-panel widget widget_sow-editor panel-first-child panel-last-child\" data-index=\"23\" ><div\n\t\t\t\n\t\t\tclass=\"so-widget-sow-editor so-widget-sow-editor-base\"\n\t\t\t\n\t\t>\n<div class=\"siteorigin-widget-tinymce textwidget\">\n\t<p><strong>Die Unterschriftenliste zur Sammelaktion<\/strong><\/p>\n<\/div>\n<\/div><\/div><\/div><\/div><div id=\"pg-738-13\"  class=\"panel-grid panel-no-style\" ><div id=\"pgc-738-13-0\"  class=\"panel-grid-cell\" ><div id=\"panel-738-13-0-0\" class=\"so-panel widget widget_sow-editor panel-first-child panel-last-child\" data-index=\"24\" ><div\n\t\t\t\n\t\t\tclass=\"so-widget-sow-editor so-widget-sow-editor-base\"\n\t\t\t\n\t\t>\n<div class=\"siteorigin-widget-tinymce textwidget\">\n\t<p><span style=\"color: #ff0000;\">_____________________________<\/span><\/p>\n<h5>Feinstaubmessung mit Eigenbausensor<\/h5>\n<div id=\"attachment_1020\" style=\"width: 160px\" class=\"wp-caption alignnone\"><img aria-describedby=\"caption-attachment-1020\" loading=\"lazy\" decoding=\"async\" class=\"wp-image-1020 size-thumbnail\" src=\"http:\/\/bi-boelgental.de\/wp-content\/uploads\/2017\/11\/Wettbewerb_Airrohr-150x150.jpg\" alt=\"\" width=\"150\" height=\"150\" \/><p id=\"caption-attachment-1020\" class=\"wp-caption-text\">Bildquelle: luftdaten.info<\/p><\/div>\n<\/div>\n<\/div><\/div><\/div><div id=\"pgc-738-13-1\"  class=\"panel-grid-cell\" ><div id=\"panel-738-13-1-0\" class=\"so-panel widget widget_sow-editor panel-first-child panel-last-child\" data-index=\"25\" ><div\n\t\t\t\n\t\t\tclass=\"so-widget-sow-editor so-widget-sow-editor-base\"\n\t\t\t\n\t\t>\n<div class=\"siteorigin-widget-tinymce textwidget\">\n\t<p><span style=\"color: #ff0000;\">_____________________________<\/span><\/p>\n<h5>Feinstaubmessung mit Eigenbausensor<\/h5>\n<div id=\"attachment_1019\" style=\"width: 160px\" class=\"wp-caption alignnone\"><img aria-describedby=\"caption-attachment-1019\" loading=\"lazy\" decoding=\"async\" class=\"wp-image-1019 size-thumbnail\" src=\"http:\/\/bi-boelgental.de\/wp-content\/uploads\/2017\/11\/Bild-Feinstaubsensor-1-150x150.jpg\" alt=\"\" width=\"150\" height=\"150\" \/><p id=\"caption-attachment-1019\" class=\"wp-caption-text\">Bildquelle: luftdaten.info<\/p><\/div>\n<\/div>\n<\/div><\/div><\/div><\/div><div id=\"pg-738-14\"  class=\"panel-grid panel-no-style\" ><div id=\"pgc-738-14-0\"  class=\"panel-grid-cell panel-grid-cell-empty\" ><\/div><\/div><div id=\"pg-738-15\"  class=\"panel-grid panel-no-style\" ><div id=\"pgc-738-15-0\"  class=\"panel-grid-cell\" ><div id=\"panel-738-15-0-0\" class=\"so-panel widget widget_sow-button panel-first-child panel-last-child\" data-index=\"26\" ><div\n\t\t\t\n\t\t\tclass=\"so-widget-sow-button so-widget-sow-button-flat-c4e9626b1ad2-738\"\n\t\t\t\n\t\t><div class=\"ow-button-base ow-button-align-center\"\n>\n\t\t\t<a\n\t\t\t\t\thref=\"http:\/\/bi-boelgental.de\/wp-content\/uploads\/2017\/11\/assemble_station.150dpi.pdf\"\n\t\t\t\t\tclass=\"sowb-button ow-icon-placement-left ow-button-hover\" target=\"_blank\" rel=\"noopener noreferrer\" \t>\n\t\t<span>\n\t\t\t\n\t\t\tDownload\t\t<\/span>\n\t\t\t<\/a>\n\t<\/div>\n<\/div><\/div><\/div><div id=\"pgc-738-15-1\"  class=\"panel-grid-cell\" ><div id=\"panel-738-15-1-0\" class=\"so-panel widget widget_sow-editor panel-first-child panel-last-child\" data-index=\"27\" ><div class=\"panel-widget-style panel-widget-style-for-738-15-1-0\" ><div\n\t\t\t\n\t\t\tclass=\"so-widget-sow-editor so-widget-sow-editor-base\"\n\t\t\t\n\t\t>\n<div class=\"siteorigin-widget-tinymce textwidget\">\n\t<p><strong>Bauanleitung Feinstaubsensor<br \/><\/strong><\/p>\n<\/div>\n<\/div><\/div><\/div><\/div><\/div><div id=\"pg-738-16\"  class=\"panel-grid panel-no-style\" ><div id=\"pgc-738-16-0\"  class=\"panel-grid-cell\" ><div id=\"panel-738-16-0-0\" class=\"so-panel widget widget_sow-button panel-first-child panel-last-child\" data-index=\"28\" ><div\n\t\t\t\n\t\t\tclass=\"so-widget-sow-button so-widget-sow-button-flat-c4e9626b1ad2-738\"\n\t\t\t\n\t\t><div class=\"ow-button-base ow-button-align-center\"\n>\n\t\t\t<a\n\t\t\t\t\thref=\"http:\/\/luftdaten.info\/\"\n\t\t\t\t\tclass=\"sowb-button ow-icon-placement-left ow-button-hover\" target=\"_blank\" rel=\"noopener noreferrer\" \t>\n\t\t<span>\n\t\t\t\n\t\t\tOpen\t\t<\/span>\n\t\t\t<\/a>\n\t<\/div>\n<\/div><\/div><\/div><div id=\"pgc-738-16-1\"  class=\"panel-grid-cell\" ><div id=\"panel-738-16-1-0\" class=\"so-panel widget widget_sow-editor panel-first-child panel-last-child\" data-index=\"29\" ><div class=\"panel-widget-style panel-widget-style-for-738-16-1-0\" ><div\n\t\t\t\n\t\t\tclass=\"so-widget-sow-editor so-widget-sow-editor-base\"\n\t\t\t\n\t\t>\n<div class=\"siteorigin-widget-tinymce textwidget\">\n\t<p><strong>Projektseite \"Luftdaten selber messen\"<br \/><\/strong><\/p>\n<\/div>\n<\/div><\/div><\/div><\/div><\/div><div id=\"pg-738-17\"  class=\"panel-grid panel-no-style\" ><div id=\"pgc-738-17-0\"  class=\"panel-grid-cell panel-grid-cell-empty panel-grid-cell-mobile-last\" ><\/div><div id=\"pgc-738-17-1\"  class=\"panel-grid-cell panel-grid-cell-empty\" ><\/div><\/div><\/div>","protected":false},"excerpt":{"rendered":"<p>Mitglied in der B\u00fcrgerinitiative werden &#8211; Beitrittserkl\u00e4rung Online Konsultation (Zip-Archiv)<\/p>\n","protected":false},"author":1,"featured_media":2098,"parent":0,"menu_order":0,"comment_status":"closed","ping_status":"closed","template":"","meta":{"footnotes":""},"class_list":["post-738","page","type-page","status-publish","has-post-thumbnail","hentry"],"_links":{"self":[{"href":"https:\/\/bi-boelgental.de\/index.php?rest_route=\/wp\/v2\/pages\/738","targetHints":{"allow":["GET"]}}],"collection":[{"href":"https:\/\/bi-boelgental.de\/index.php?rest_route=\/wp\/v2\/pages"}],"about":[{"href":"https:\/\/bi-boelgental.de\/index.php?rest_route=\/wp\/v2\/types\/page"}],"author":[{"embeddable":true,"href":"https:\/\/bi-boelgental.de\/index.php?rest_route=\/wp\/v2\/users\/1"}],"replies":[{"embeddable":true,"href":"https:\/\/bi-boelgental.de\/index.php?rest_route=%2Fwp%2Fv2%2Fcomments&post=738"}],"version-history":[{"count":105,"href":"https:\/\/bi-boelgental.de\/index.php?rest_route=\/wp\/v2\/pages\/738\/revisions"}],"predecessor-version":[{"id":2431,"href":"https:\/\/bi-boelgental.de\/index.php?rest_route=\/wp\/v2\/pages\/738\/revisions\/2431"}],"wp:featuredmedia":[{"embeddable":true,"href":"https:\/\/bi-boelgental.de\/index.php?rest_route=\/wp\/v2\/media\/2098"}],"wp:attachment":[{"href":"https:\/\/bi-boelgental.de\/index.php?rest_route=%2Fwp%2Fv2%2Fmedia&parent=738"}],"curies":[{"name":"wp","href":"https:\/\/api.w.org\/{rel}","templated":true}]}}